{"id":1862,"date":"2024-09-16T20:51:42","date_gmt":"2024-09-16T18:51:42","guid":{"rendered":"https:\/\/ochaby.diecezjabielsko.pl\/?page_id=1862"},"modified":"2024-09-16T20:51:42","modified_gmt":"2024-09-16T18:51:42","slug":"kancelaria","status":"publish","type":"page","link":"https:\/\/ochaby.diecezjabielsko.pl\/?page_id=1862","title":{"rendered":"Kancelaria"},"content":{"rendered":"<p>[et_pb_section fb_built=&#8221;1&#8243; theme_builder_area=&#8221;post_content&#8221; _builder_version=&#8221;4.27.0&#8243; _module_preset=&#8221;default&#8221;][et_pb_row _builder_version=&#8221;4.27.0&#8243; _module_preset=&#8221;default&#8221; theme_builder_area=&#8221;post_content&#8221;][et_pb_column _builder_version=&#8221;4.27.0&#8243; _module_preset=&#8221;default&#8221; type=&#8221;4_4&#8243; theme_builder_area=&#8221;post_content&#8221;][et_pb_text _builder_version=&#8221;4.27.0&#8243; _module_preset=&#8221;default&#8221; theme_builder_area=&#8221;post_content&#8221; hover_enabled=&#8221;0&#8243; sticky_enabled=&#8221;0&#8243;]<\/p>\n<div>\n<p align=\"center\">Kancelaria parafialna czynna:<\/p>\n<\/div>\n<div>\n<p><o:p><\/o:p><\/p>\n<\/div>\n<div>\n<p><o:p>\u00a0<\/o:p><\/p>\n<\/div>\n<div>\n<p>Poniedzia\u0142ek po Mszy \u015bw. <o:p><\/o:p><\/p>\n<\/div>\n<div>\n<p>Wtorek po Mszy \u015bw. <o:p><\/o:p><\/p>\n<\/div>\n<div>\n<p>\u015aroda po Mszy \u015bw.<o:p><\/o:p><\/p>\n<\/div>\n<div>\n<p>Czwartek po Mszy \u015bw.<o:p><\/o:p><\/p>\n<\/div>\n<div>\n<p><o:p>\u00a0<\/o:p><\/p>\n<\/div>\n<div>\n<p>Telefon: 33-853-38-15<\/p>\n<\/div>\n<p>[\/et_pb_text][\/et_pb_column][\/et_pb_row][\/et_pb_section]<\/p>\n","protected":false},"excerpt":{"rendered":"<p>Kancelaria parafialna czynna: \u00a0 Poniedzia\u0142ek po Mszy \u015bw. Wtorek po Mszy \u015bw. \u015aroda po Mszy \u015bw. Czwartek po Mszy \u015bw. \u00a0 Telefon: 33-853-38-15<\/p>\n","protected":false},"author":3,"featured_media":0,"parent":0,"menu_order":0,"comment_status":"closed","ping_status":"closed","template":"","meta":{"_et_pb_use_builder":"on","_et_pb_old_content":"","_et_gb_content_width":"","footnotes":""},"class_list":["post-1862","page","type-page","status-publish","hentry"],"_links":{"self":[{"href":"https:\/\/ochaby.diecezjabielsko.pl\/index.php?rest_route=\/wp\/v2\/pages\/1862","targetHints":{"allow":["GET"]}}],"collection":[{"href":"https:\/\/ochaby.diecezjabielsko.pl\/index.php?rest_route=\/wp\/v2\/pages"}],"about":[{"href":"https:\/\/ochaby.diecezjabielsko.pl\/index.php?rest_route=\/wp\/v2\/types\/page"}],"author":[{"embeddable":true,"href":"https:\/\/ochaby.diecezjabielsko.pl\/index.php?rest_route=\/wp\/v2\/users\/3"}],"replies":[{"embeddable":true,"href":"https:\/\/ochaby.diecezjabielsko.pl\/index.php?rest_route=%2Fwp%2Fv2%2Fcomments&post=1862"}],"version-history":[{"count":2,"href":"https:\/\/ochaby.diecezjabielsko.pl\/index.php?rest_route=\/wp\/v2\/pages\/1862\/revisions"}],"predecessor-version":[{"id":1864,"href":"https:\/\/ochaby.diecezjabielsko.pl\/index.php?rest_route=\/wp\/v2\/pages\/1862\/revisions\/1864"}],"wp:attachment":[{"href":"https:\/\/ochaby.diecezjabielsko.pl\/index.php?rest_route=%2Fwp%2Fv2%2Fmedia&parent=1862"}],"curies":[{"name":"wp","href":"https:\/\/api.w.org\/{rel}","templated":true}]}}