{"id":1898,"date":"2024-09-16T21:03:29","date_gmt":"2024-09-16T19:03:29","guid":{"rendered":"https:\/\/ochaby.diecezjabielsko.pl\/?page_id=1898"},"modified":"2024-09-16T21:03:29","modified_gmt":"2024-09-16T19:03:29","slug":"pierwsza-komunia","status":"publish","type":"page","link":"https:\/\/ochaby.diecezjabielsko.pl\/?page_id=1898","title":{"rendered":"Pierwsza Komunia"},"content":{"rendered":"<p>[et_pb_section fb_built=&#8221;1&#8243; theme_builder_area=&#8221;post_content&#8221; _builder_version=&#8221;4.27.0&#8243; _module_preset=&#8221;default&#8221;][et_pb_row _builder_version=&#8221;4.27.0&#8243; _module_preset=&#8221;default&#8221; theme_builder_area=&#8221;post_content&#8221;][et_pb_column _builder_version=&#8221;4.27.0&#8243; _module_preset=&#8221;default&#8221; type=&#8221;4_4&#8243; theme_builder_area=&#8221;post_content&#8221;][et_pb_text _builder_version=&#8221;4.27.0&#8243; _module_preset=&#8221;default&#8221; theme_builder_area=&#8221;post_content&#8221; hover_enabled=&#8221;0&#8243; sticky_enabled=&#8221;0&#8243;]<\/p>\n<p>Pierwsza Komunia \u015awi\u0119ta w naszej parafii odbywa si\u0119 w III niedziel\u0119 maja.<\/p>\n<p>RODZICE TOWARZYSZ\u0104C SWOIM DZIECIOM W PRZYGOTOWANIU<br \/>DO PIERWSZEJ KOMUNII \u015aWI\u0118TEJ ZOBOWI\u0104ZUJ\u0104 SI\u0118:<\/p>\n<p>\u2022 w ka\u017cd\u0105 niedziel\u0119 i \u015bwi\u0119to nakazane uczestniczy\u0107 razem z dzieckiem we Mszy \u015awi\u0119tej,<br \/>\u2022 pomaga\u0107 dziecku w przyswojeniu sobie obowi\u0105zuj\u0105cego materia\u0142u z katechizmu,<br \/>\u2022 systematycznie bra\u0107 udzia\u0142 w wyznaczonych spotkaniach<br \/>\u2022 w miar\u0119 mo\u017cliwo\u015bci uczestniczy\u0107 z dzieckiem w nabo\u017ce\u0144stwach r\u00f3\u017ca\u0144cowych (pa\u017adziernik), roratach (Adwent), Drodze Krzy\u017cowej (Wielki Post), nabo\u017ce\u0144stwach majowych,<br \/>\u2022 wspiera\u0107 nasze dziecko modlitw\u0105 i dobrym przyk\u0142adem \u017cycia,<br \/>\u2022 dostarczy\u0107 \u015bwiadectwo chrztu dziecka (je\u015bli chrzest nie by\u0142 udzielany w Parafii pw. \u015aw. Marcina w Ochabach).<\/p>\n<p>[\/et_pb_text][\/et_pb_column][\/et_pb_row][\/et_pb_section]<\/p>\n","protected":false},"excerpt":{"rendered":"<p>Pierwsza Komunia \u015awi\u0119ta w naszej parafii odbywa si\u0119 w III niedziel\u0119 maja. RODZICE TOWARZYSZ\u0104C SWOIM DZIECIOM W PRZYGOTOWANIUDO PIERWSZEJ KOMUNII \u015aWI\u0118TEJ ZOBOWI\u0104ZUJ\u0104 SI\u0118: \u2022 w ka\u017cd\u0105 niedziel\u0119 i \u015bwi\u0119to nakazane uczestniczy\u0107 razem z dzieckiem we Mszy \u015awi\u0119tej,\u2022 pomaga\u0107 dziecku w przyswojeniu sobie obowi\u0105zuj\u0105cego materia\u0142u z katechizmu,\u2022 systematycznie bra\u0107 udzia\u0142 w wyznaczonych spotkaniach\u2022 w miar\u0119 mo\u017cliwo\u015bci [&hellip;]<\/p>\n","protected":false},"author":3,"featured_media":0,"parent":0,"menu_order":0,"comment_status":"closed","ping_status":"closed","template":"","meta":{"_et_pb_use_builder":"on","_et_pb_old_content":"","_et_gb_content_width":"","footnotes":""},"class_list":["post-1898","page","type-page","status-publish","hentry"],"_links":{"self":[{"href":"https:\/\/ochaby.diecezjabielsko.pl\/index.php?rest_route=\/wp\/v2\/pages\/1898","targetHints":{"allow":["GET"]}}],"collection":[{"href":"https:\/\/ochaby.diecezjabielsko.pl\/index.php?rest_route=\/wp\/v2\/pages"}],"about":[{"href":"https:\/\/ochaby.diecezjabielsko.pl\/index.php?rest_route=\/wp\/v2\/types\/page"}],"author":[{"embeddable":true,"href":"https:\/\/ochaby.diecezjabielsko.pl\/index.php?rest_route=\/wp\/v2\/users\/3"}],"replies":[{"embeddable":true,"href":"https:\/\/ochaby.diecezjabielsko.pl\/index.php?rest_route=%2Fwp%2Fv2%2Fcomments&post=1898"}],"version-history":[{"count":3,"href":"https:\/\/ochaby.diecezjabielsko.pl\/index.php?rest_route=\/wp\/v2\/pages\/1898\/revisions"}],"predecessor-version":[{"id":1901,"href":"https:\/\/ochaby.diecezjabielsko.pl\/index.php?rest_route=\/wp\/v2\/pages\/1898\/revisions\/1901"}],"wp:attachment":[{"href":"https:\/\/ochaby.diecezjabielsko.pl\/index.php?rest_route=%2Fwp%2Fv2%2Fmedia&parent=1898"}],"curies":[{"name":"wp","href":"https:\/\/api.w.org\/{rel}","templated":true}]}}